{"id":35,"date":"2024-03-04T11:00:01","date_gmt":"2024-03-04T10:00:01","guid":{"rendered":"https:\/\/reflexology.de\/?page_id=35"},"modified":"2024-06-23T16:20:28","modified_gmt":"2024-06-23T14:20:28","slug":"ueber-mich","status":"publish","type":"page","link":"https:\/\/reflexology.de\/en\/ueber-mich\/","title":{"rendered":"about me"},"content":{"rendered":"<p><strong>Helga Dittmann | Heilpraktikerin, Dipl. P\u00e4d. | Institute for Reflexology &amp; Relaxation<\/strong><\/p>\n\n\n\n<p>Experiencing and exploring the interplay of body and soul are the motivation and goal of my work.<\/p>\n\n\n\n<p>Schon als Kind war ich sehr bem\u00fcht Dinge zu tun, durch die sich andere Menschen gut f\u00fchlen. Das ist nach wie vor mein Anliegen geblieben, durfte aber lernen, zuerst den Weg zum eigenen Gl\u00fcck zu gehen, um daraus ein F\u00fcllhorn des Teilens, Mitteilens und Gebens wachsen zu lassen. Seit \u00fcber 30 Jahre widme ich mich der Reflexologie und Entspannung.<\/p>\n\n\n\n<p><strong>My vita<\/strong><\/p>\n\n\n\n<ul>\n<li>2011: Training in systemic therapy and family constellations with the qualification \"Family Coach\" (Lier Institute, in Zelg\/Switzerland) and recognition by the European Coaching Association<\/li>\n\n\n\n<li>2010 - Training and certification in \"Progressive Muscle Relaxation\" for adults and children<br>Conducting courses in relaxation and stress management as part of the prevention program offered by Techniker Krankenkasse in companies and schools<\/li>\n\n\n\n<li>Degree in social pedagogy and trained alternative practitioner with her own practice<\/li>\n\n\n\n<li>1997 - 2000: Chairwoman of RIEN (Reflexology in Europe Network)<\/li>\n\n\n\n<li>1992 - 1997: First Chairwoman of the German Reflexology Association<\/li>\n\n\n\n<li>1992: Co-founder of the German Reflexology Association<\/li>\n\n\n\n<li>1987: Training as a reflexologist at the American Academy of Reflexology in Los Angeles<\/li>\n\n\n\n<li>Since 1984: Conducting seminars in the fields of reflexology, emotional release reflexology, nutrition, exercise, relaxation in Germany, Austria and the USA<\/li>\n\n\n\n<li>Speaker at international specialist congresses<\/li>\n<\/ul>\n\n\n\n<div style=\"height:100px\" aria-hidden=\"true\" class=\"wp-block-spacer\"><\/div>","protected":false},"excerpt":{"rendered":"<p>Helga Dittmann | Heilpraktikerin, Dipl. P\u00e4d. | Institut fur Reflexologie &amp; Entspannung Das Erleben und Erforschen des Zusammenspiels von K\u00f6rper und Seele [&hellip;]<\/p>\n","protected":false},"author":1,"featured_media":0,"parent":0,"menu_order":0,"comment_status":"closed","ping_status":"closed","template":"","meta":{"footnotes":""},"yoast_head":"<!-- This site is optimized with the Yoast SEO plugin v23.4 - https:\/\/yoast.com\/wordpress\/plugins\/seo\/ -->\n<title>\u00dcber mich - Reflexology<\/title>\n<meta name=\"robots\" content=\"index, follow, max-snippet:-1, max-image-preview:large, max-video-preview:-1\" \/>\n<link rel=\"canonical\" href=\"https:\/\/reflexology.de\/en\/ueber-mich\/\" \/>\n<meta property=\"og:locale\" content=\"en_US\" \/>\n<meta property=\"og:type\" content=\"article\" \/>\n<meta property=\"og:title\" content=\"\u00dcber mich - Reflexology\" \/>\n<meta property=\"og:description\" content=\"Helga Dittmann | Heilpraktikerin, Dipl. P\u00e4d. | Institut fur Reflexologie &amp; Entspannung Das Erleben und Erforschen des Zusammenspiels von K\u00f6rper und Seele [&hellip;]\" \/>\n<meta property=\"og:url\" content=\"https:\/\/reflexology.de\/en\/ueber-mich\/\" \/>\n<meta property=\"og:site_name\" content=\"Reflexology\" \/>\n<meta property=\"article:modified_time\" content=\"2024-06-23T14:20:28+00:00\" \/>\n<meta name=\"twitter:card\" content=\"summary_large_image\" \/>\n<meta name=\"twitter:label1\" content=\"Est. reading time\" \/>\n\t<meta name=\"twitter:data1\" content=\"2 minutes\" \/>\n<script type=\"application\/ld+json\" class=\"yoast-schema-graph\">{\"@context\":\"https:\/\/schema.org\",\"@graph\":[{\"@type\":\"WebPage\",\"@id\":\"https:\/\/reflexology.de\/en\/ueber-mich\/\",\"url\":\"https:\/\/reflexology.de\/en\/ueber-mich\/\",\"name\":\"\u00dcber mich - Reflexology\",\"isPartOf\":{\"@id\":\"https:\/\/reflexology.de\/#website\"},\"datePublished\":\"2024-03-04T10:00:01+00:00\",\"dateModified\":\"2024-06-23T14:20:28+00:00\",\"breadcrumb\":{\"@id\":\"https:\/\/reflexology.de\/en\/ueber-mich\/#breadcrumb\"},\"inLanguage\":\"en-US\",\"potentialAction\":[{\"@type\":\"ReadAction\",\"target\":[\"https:\/\/reflexology.de\/en\/ueber-mich\/\"]}]},{\"@type\":\"BreadcrumbList\",\"@id\":\"https:\/\/reflexology.de\/en\/ueber-mich\/#breadcrumb\",\"itemListElement\":[{\"@type\":\"ListItem\",\"position\":1,\"name\":\"Startseite\",\"item\":\"https:\/\/reflexology.de\/\"},{\"@type\":\"ListItem\",\"position\":2,\"name\":\"\u00dcber mich\"}]},{\"@type\":\"WebSite\",\"@id\":\"https:\/\/reflexology.de\/#website\",\"url\":\"https:\/\/reflexology.de\/\",\"name\":\"Reflexology\",\"description\":\"by Helga Dittmann\",\"publisher\":{\"@id\":\"https:\/\/reflexology.de\/#organization\"},\"potentialAction\":[{\"@type\":\"SearchAction\",\"target\":{\"@type\":\"EntryPoint\",\"urlTemplate\":\"https:\/\/reflexology.de\/?s={search_term_string}\"},\"query-input\":{\"@type\":\"PropertyValueSpecification\",\"valueRequired\":true,\"valueName\":\"search_term_string\"}}],\"inLanguage\":\"en-US\"},{\"@type\":\"Organization\",\"@id\":\"https:\/\/reflexology.de\/#organization\",\"name\":\"Reflexology\",\"url\":\"https:\/\/reflexology.de\/\",\"logo\":{\"@type\":\"ImageObject\",\"inLanguage\":\"en-US\",\"@id\":\"https:\/\/reflexology.de\/#\/schema\/logo\/image\/\",\"url\":\"https:\/\/mlgmxoflfwij.i.optimole.com\/w:auto\/h:auto\/q:mauto\/ig:avif\/https:\/\/reflexology.de\/wp-content\/uploads\/2024\/02\/reflexology-logo-20161214.png\",\"contentUrl\":\"https:\/\/mlgmxoflfwij.i.optimole.com\/w:auto\/h:auto\/q:mauto\/ig:avif\/https:\/\/reflexology.de\/wp-content\/uploads\/2024\/02\/reflexology-logo-20161214.png\",\"width\":312,\"height\":312,\"caption\":\"Reflexology\"},\"image\":{\"@id\":\"https:\/\/reflexology.de\/#\/schema\/logo\/image\/\"}}]}<\/script>\n<!-- \/ Yoast SEO plugin. -->","yoast_head_json":{"title":"\u00dcber mich - Reflexology","robots":{"index":"index","follow":"follow","max-snippet":"max-snippet:-1","max-image-preview":"max-image-preview:large","max-video-preview":"max-video-preview:-1"},"canonical":"https:\/\/reflexology.de\/en\/ueber-mich\/","og_locale":"en_US","og_type":"article","og_title":"\u00dcber mich - Reflexology","og_description":"Helga Dittmann | Heilpraktikerin, Dipl. P\u00e4d. | Institut fur Reflexologie &amp; Entspannung Das Erleben und Erforschen des Zusammenspiels von K\u00f6rper und Seele [&hellip;]","og_url":"https:\/\/reflexology.de\/en\/ueber-mich\/","og_site_name":"Reflexology","article_modified_time":"2024-06-23T14:20:28+00:00","twitter_card":"summary_large_image","twitter_misc":{"Est. reading time":"2 minutes"},"schema":{"@context":"https:\/\/schema.org","@graph":[{"@type":"WebPage","@id":"https:\/\/reflexology.de\/en\/ueber-mich\/","url":"https:\/\/reflexology.de\/en\/ueber-mich\/","name":"\u00dcber mich - Reflexology","isPartOf":{"@id":"https:\/\/reflexology.de\/#website"},"datePublished":"2024-03-04T10:00:01+00:00","dateModified":"2024-06-23T14:20:28+00:00","breadcrumb":{"@id":"https:\/\/reflexology.de\/en\/ueber-mich\/#breadcrumb"},"inLanguage":"en-US","potentialAction":[{"@type":"ReadAction","target":["https:\/\/reflexology.de\/en\/ueber-mich\/"]}]},{"@type":"BreadcrumbList","@id":"https:\/\/reflexology.de\/en\/ueber-mich\/#breadcrumb","itemListElement":[{"@type":"ListItem","position":1,"name":"Startseite","item":"https:\/\/reflexology.de\/"},{"@type":"ListItem","position":2,"name":"\u00dcber mich"}]},{"@type":"WebSite","@id":"https:\/\/reflexology.de\/#website","url":"https:\/\/reflexology.de\/","name":"Reflexology","description":"by Helga Dittmann","publisher":{"@id":"https:\/\/reflexology.de\/#organization"},"potentialAction":[{"@type":"SearchAction","target":{"@type":"EntryPoint","urlTemplate":"https:\/\/reflexology.de\/?s={search_term_string}"},"query-input":{"@type":"PropertyValueSpecification","valueRequired":true,"valueName":"search_term_string"}}],"inLanguage":"en-US"},{"@type":"Organization","@id":"https:\/\/reflexology.de\/#organization","name":"Reflexology","url":"https:\/\/reflexology.de\/","logo":{"@type":"ImageObject","inLanguage":"en-US","@id":"https:\/\/reflexology.de\/#\/schema\/logo\/image\/","url":"https:\/\/mlgmxoflfwij.i.optimole.com\/w:auto\/h:auto\/q:mauto\/ig:avif\/https:\/\/reflexology.de\/wp-content\/uploads\/2024\/02\/reflexology-logo-20161214.png","contentUrl":"https:\/\/mlgmxoflfwij.i.optimole.com\/w:auto\/h:auto\/q:mauto\/ig:avif\/https:\/\/reflexology.de\/wp-content\/uploads\/2024\/02\/reflexology-logo-20161214.png","width":312,"height":312,"caption":"Reflexology"},"image":{"@id":"https:\/\/reflexology.de\/#\/schema\/logo\/image\/"}}]}},"_links":{"self":[{"href":"https:\/\/reflexology.de\/en\/wp-json\/wp\/v2\/pages\/35"}],"collection":[{"href":"https:\/\/reflexology.de\/en\/wp-json\/wp\/v2\/pages"}],"about":[{"href":"https:\/\/reflexology.de\/en\/wp-json\/wp\/v2\/types\/page"}],"author":[{"embeddable":true,"href":"https:\/\/reflexology.de\/en\/wp-json\/wp\/v2\/users\/1"}],"replies":[{"embeddable":true,"href":"https:\/\/reflexology.de\/en\/wp-json\/wp\/v2\/comments?post=35"}],"version-history":[{"count":3,"href":"https:\/\/reflexology.de\/en\/wp-json\/wp\/v2\/pages\/35\/revisions"}],"predecessor-version":[{"id":450,"href":"https:\/\/reflexology.de\/en\/wp-json\/wp\/v2\/pages\/35\/revisions\/450"}],"wp:attachment":[{"href":"https:\/\/reflexology.de\/en\/wp-json\/wp\/v2\/media?parent=35"}],"curies":[{"name":"wp","href":"https:\/\/api.w.org\/{rel}","templated":true}]}}