{"id":31,"date":"2024-03-04T10:56:19","date_gmt":"2024-03-04T09:56:19","guid":{"rendered":"https:\/\/reflexology.de\/?page_id=31"},"modified":"2024-06-23T15:40:51","modified_gmt":"2024-06-23T13:40:51","slug":"impressum","status":"publish","type":"page","link":"https:\/\/reflexology.de\/en\/impressum\/","title":{"rendered":"Legal notice"},"content":{"rendered":"<p>Helga Dittmann<br>Heilpraktikerin, Dipl. P\u00e4d.<br>Institut fur Reflexologie &amp; Entspannung<\/p>\n\n\n\n<p>Postanschrift:<br>Von-Finsterlin-Str. 9<br>87452 Kimratshofen\/Altusried<\/p>\n\n\n\n<p>Telefon: <a data-type=\"tel\" data-id=\"tel:00498373922491\" href=\"tel:00498373922491\">+49 (8373) 922 491<\/a><br>Email <a href=\"mailto:info@reflexology.de\" rel=\"nofollow\">info(at)reflexology.de<\/a><\/p>\n\n\n\n<p>Inhaberin: Helga Dittmann<\/p>\n\n\n\n<p><strong>Haftungsausschluss<br><\/strong>Trotz sorgf\u00e4ltiger Pr\u00fcfung k\u00f6nnen wir keine Haftung f\u00fcr die Inhalte externer Links \u00fcbernehmen. F\u00fcr den Inhalt diese Seiten sind ausschlie\u00dflich deren Betreiber verantwortlich.<\/p>","protected":false},"excerpt":{"rendered":"<p>Helga DittmannHeilpraktikerin, Dipl. P\u00e4d.Institut fur Reflexologie &amp; Entspannung Postanschrift:Von-Finsterlin-Str. 987452 Kimratshofen\/Altusried Telefon: +49 (8373) 922 491E-Mail: info(at)reflexology.de Inhaberin: Helga Dittmann HaftungsausschlussTrotz sorgf\u00e4ltiger [&hellip;]<\/p>\n","protected":false},"author":1,"featured_media":0,"parent":0,"menu_order":0,"comment_status":"closed","ping_status":"closed","template":"","meta":{"footnotes":""},"yoast_head":"<!-- This site is optimized with the Yoast SEO plugin v23.4 - https:\/\/yoast.com\/wordpress\/plugins\/seo\/ -->\n<title>Impressum - Reflexology<\/title>\n<meta name=\"robots\" content=\"index, follow, max-snippet:-1, max-image-preview:large, max-video-preview:-1\" \/>\n<link rel=\"canonical\" href=\"https:\/\/reflexology.de\/en\/impressum\/\" \/>\n<meta property=\"og:locale\" content=\"en_US\" \/>\n<meta property=\"og:type\" content=\"article\" \/>\n<meta property=\"og:title\" content=\"Impressum - Reflexology\" \/>\n<meta property=\"og:description\" content=\"Helga DittmannHeilpraktikerin, Dipl. P\u00e4d.Institut fur Reflexologie &amp; Entspannung Postanschrift:Von-Finsterlin-Str. 987452 Kimratshofen\/Altusried Telefon: +49 (8373) 922 491E-Mail: info(at)reflexology.de Inhaberin: Helga Dittmann HaftungsausschlussTrotz sorgf\u00e4ltiger [&hellip;]\" \/>\n<meta property=\"og:url\" content=\"https:\/\/reflexology.de\/en\/impressum\/\" \/>\n<meta property=\"og:site_name\" content=\"Reflexology\" \/>\n<meta property=\"article:modified_time\" content=\"2024-06-23T13:40:51+00:00\" \/>\n<meta name=\"twitter:card\" content=\"summary_large_image\" \/>\n<meta name=\"twitter:label1\" content=\"Est. reading time\" \/>\n\t<meta name=\"twitter:data1\" content=\"1 minute\" \/>\n<script type=\"application\/ld+json\" class=\"yoast-schema-graph\">{\"@context\":\"https:\/\/schema.org\",\"@graph\":[{\"@type\":\"WebPage\",\"@id\":\"https:\/\/reflexology.de\/impressum\/\",\"url\":\"https:\/\/reflexology.de\/impressum\/\",\"name\":\"Impressum - Reflexology\",\"isPartOf\":{\"@id\":\"http:\/\/reflexology.de\/#website\"},\"datePublished\":\"2024-03-04T09:56:19+00:00\",\"dateModified\":\"2024-06-23T13:40:51+00:00\",\"breadcrumb\":{\"@id\":\"https:\/\/reflexology.de\/impressum\/#breadcrumb\"},\"inLanguage\":\"en-US\",\"potentialAction\":[{\"@type\":\"ReadAction\",\"target\":[\"https:\/\/reflexology.de\/impressum\/\"]}]},{\"@type\":\"BreadcrumbList\",\"@id\":\"https:\/\/reflexology.de\/impressum\/#breadcrumb\",\"itemListElement\":[{\"@type\":\"ListItem\",\"position\":1,\"name\":\"Startseite\",\"item\":\"https:\/\/reflexology.de\/\"},{\"@type\":\"ListItem\",\"position\":2,\"name\":\"Impressum\"}]},{\"@type\":\"WebSite\",\"@id\":\"http:\/\/reflexology.de\/#website\",\"url\":\"http:\/\/reflexology.de\/\",\"name\":\"Reflexology\",\"description\":\"by Helga Dittmann\",\"publisher\":{\"@id\":\"http:\/\/reflexology.de\/#organization\"},\"potentialAction\":[{\"@type\":\"SearchAction\",\"target\":{\"@type\":\"EntryPoint\",\"urlTemplate\":\"http:\/\/reflexology.de\/?s={search_term_string}\"},\"query-input\":{\"@type\":\"PropertyValueSpecification\",\"valueRequired\":true,\"valueName\":\"search_term_string\"}}],\"inLanguage\":\"en-US\"},{\"@type\":\"Organization\",\"@id\":\"http:\/\/reflexology.de\/#organization\",\"name\":\"Reflexology\",\"url\":\"http:\/\/reflexology.de\/\",\"logo\":{\"@type\":\"ImageObject\",\"inLanguage\":\"en-US\",\"@id\":\"http:\/\/reflexology.de\/#\/schema\/logo\/image\/\",\"url\":\"https:\/\/mlgmxoflfwij.i.optimole.com\/w:auto\/h:auto\/q:mauto\/ig:avif\/https:\/\/reflexology.de\/wp-content\/uploads\/2024\/02\/reflexology-logo-20161214.png\",\"contentUrl\":\"https:\/\/mlgmxoflfwij.i.optimole.com\/w:auto\/h:auto\/q:mauto\/ig:avif\/https:\/\/reflexology.de\/wp-content\/uploads\/2024\/02\/reflexology-logo-20161214.png\",\"width\":312,\"height\":312,\"caption\":\"Reflexology\"},\"image\":{\"@id\":\"http:\/\/reflexology.de\/#\/schema\/logo\/image\/\"}}]}<\/script>\n<!-- \/ Yoast SEO plugin. -->","yoast_head_json":{"title":"Impressum - Reflexology","robots":{"index":"index","follow":"follow","max-snippet":"max-snippet:-1","max-image-preview":"max-image-preview:large","max-video-preview":"max-video-preview:-1"},"canonical":"https:\/\/reflexology.de\/en\/impressum\/","og_locale":"en_US","og_type":"article","og_title":"Impressum - Reflexology","og_description":"Helga DittmannHeilpraktikerin, Dipl. P\u00e4d.Institut fur Reflexologie &amp; Entspannung Postanschrift:Von-Finsterlin-Str. 987452 Kimratshofen\/Altusried Telefon: +49 (8373) 922 491E-Mail: info(at)reflexology.de Inhaberin: Helga Dittmann HaftungsausschlussTrotz sorgf\u00e4ltiger [&hellip;]","og_url":"https:\/\/reflexology.de\/en\/impressum\/","og_site_name":"Reflexology","article_modified_time":"2024-06-23T13:40:51+00:00","twitter_card":"summary_large_image","twitter_misc":{"Est. reading time":"1 minute"},"schema":{"@context":"https:\/\/schema.org","@graph":[{"@type":"WebPage","@id":"https:\/\/reflexology.de\/impressum\/","url":"https:\/\/reflexology.de\/impressum\/","name":"Impressum - Reflexology","isPartOf":{"@id":"http:\/\/reflexology.de\/#website"},"datePublished":"2024-03-04T09:56:19+00:00","dateModified":"2024-06-23T13:40:51+00:00","breadcrumb":{"@id":"https:\/\/reflexology.de\/impressum\/#breadcrumb"},"inLanguage":"en-US","potentialAction":[{"@type":"ReadAction","target":["https:\/\/reflexology.de\/impressum\/"]}]},{"@type":"BreadcrumbList","@id":"https:\/\/reflexology.de\/impressum\/#breadcrumb","itemListElement":[{"@type":"ListItem","position":1,"name":"Startseite","item":"https:\/\/reflexology.de\/"},{"@type":"ListItem","position":2,"name":"Impressum"}]},{"@type":"WebSite","@id":"http:\/\/reflexology.de\/#website","url":"http:\/\/reflexology.de\/","name":"Reflexology","description":"by Helga Dittmann","publisher":{"@id":"http:\/\/reflexology.de\/#organization"},"potentialAction":[{"@type":"SearchAction","target":{"@type":"EntryPoint","urlTemplate":"http:\/\/reflexology.de\/?s={search_term_string}"},"query-input":{"@type":"PropertyValueSpecification","valueRequired":true,"valueName":"search_term_string"}}],"inLanguage":"en-US"},{"@type":"Organization","@id":"http:\/\/reflexology.de\/#organization","name":"Reflexology","url":"http:\/\/reflexology.de\/","logo":{"@type":"ImageObject","inLanguage":"en-US","@id":"http:\/\/reflexology.de\/#\/schema\/logo\/image\/","url":"https:\/\/mlgmxoflfwij.i.optimole.com\/w:auto\/h:auto\/q:mauto\/ig:avif\/https:\/\/reflexology.de\/wp-content\/uploads\/2024\/02\/reflexology-logo-20161214.png","contentUrl":"https:\/\/mlgmxoflfwij.i.optimole.com\/w:auto\/h:auto\/q:mauto\/ig:avif\/https:\/\/reflexology.de\/wp-content\/uploads\/2024\/02\/reflexology-logo-20161214.png","width":312,"height":312,"caption":"Reflexology"},"image":{"@id":"http:\/\/reflexology.de\/#\/schema\/logo\/image\/"}}]}},"_links":{"self":[{"href":"https:\/\/reflexology.de\/en\/wp-json\/wp\/v2\/pages\/31"}],"collection":[{"href":"https:\/\/reflexology.de\/en\/wp-json\/wp\/v2\/pages"}],"about":[{"href":"https:\/\/reflexology.de\/en\/wp-json\/wp\/v2\/types\/page"}],"author":[{"embeddable":true,"href":"https:\/\/reflexology.de\/en\/wp-json\/wp\/v2\/users\/1"}],"replies":[{"embeddable":true,"href":"https:\/\/reflexology.de\/en\/wp-json\/wp\/v2\/comments?post=31"}],"version-history":[{"count":3,"href":"https:\/\/reflexology.de\/en\/wp-json\/wp\/v2\/pages\/31\/revisions"}],"predecessor-version":[{"id":440,"href":"https:\/\/reflexology.de\/en\/wp-json\/wp\/v2\/pages\/31\/revisions\/440"}],"wp:attachment":[{"href":"https:\/\/reflexology.de\/en\/wp-json\/wp\/v2\/media?parent=31"}],"curies":[{"name":"wp","href":"https:\/\/api.w.org\/{rel}","templated":true}]}}