{"id":288,"date":"2024-03-10T20:06:53","date_gmt":"2024-03-10T19:06:53","guid":{"rendered":"https:\/\/reflexology.de\/?page_id=288"},"modified":"2024-06-23T15:41:54","modified_gmt":"2024-06-23T13:41:54","slug":"ausbildung-reflexologie","status":"publish","type":"page","link":"https:\/\/reflexology.de\/en\/ausbildung-seminare\/ausbildung-reflexologie\/","title":{"rendered":"Training reflexologist"},"content":{"rendered":"<p>Die Ausbildung in Fu\u00df-, Hand- und Ohr-Reflexologie ist in zwei Module aufgeteilt und setzt sich aus verschiedenen Seminaren zusammen.<\/p>\n\n\n\n<h2 class=\"wp-block-heading\" style=\"font-size:30px\">Ausbildung Modul I &#8222;Wellness&#8220;<\/h2>\n\n\n\n<p>In dem ersten Modul &#8222;Wellness&#8220; wird ein umfangreiches Wissen und K\u00f6nnen vermittelt, welches auf das Praktizieren der Methode zur Stimulation der k\u00f6rpereigenen Regelmechanismen ausgerichtet ist. Es werden breit gef\u00e4cherte Kenntnisse in Theorie und Praxis vermittelt.<\/p>\n\n\n\n<p>Die Kenntnisse der Stufe I sind zur beruflichen Anwendung im Bereich Wellness, Kosmetik, Fu\u00dfpflege etc. konzipiert und werden ausschlie\u00dflich mit dem Ziel der F\u00f6rderung des Wohlbefindens angewendet. Ebenso k\u00f6nnen sie nat\u00fcrlich im privaten Bereich zur Selbsthilfe angewendet werden<\/p>\n\n\n\n<p>Ziel ist die gesundheitliche Pr\u00e4vention und die Steigerung von Wohlbefinden und Lebensqualit\u00e4t durch die professionelle Anwendung der erlernten Kenntnisse.<\/p>\n\n\n\n<p>Folgende Seminare und Inhalte sind im ersten Modul enthalten:<\/p>\n\n\n\n<ul>\n<li>Fu\u00df-Reflexologie I bis IV<\/li>\n\n\n\n<li>Hand-Reflexologie I<\/li>\n\n\n\n<li>Ohr-Reflexologie I<\/li>\n\n\n\n<li>Integration von Fu\u00df-, Hand- und Ohrreflexologie<\/li>\n\n\n\n<li>Die berufliche Vision umsetzen<\/li>\n\n\n\n<li>Schriftliche und praktische Abschlussqualifikation<\/li>\n\n\n\n<li>Erstellen einer Projektarbeit mit 10 dokumentierte Anwendungen der Fu\u00df-, Hand- und Ohr Reflexologie an einer Person<\/li>\n<\/ul>\n\n\n\n<div style=\"height:25px\" aria-hidden=\"true\" class=\"wp-block-spacer\"><\/div>\n\n\n\n<h2 class=\"wp-block-heading\" style=\"font-size:30px\">Ausbildung Modul II &#8222;Therapie&#8220;<\/h2>\n\n\n\n<p>Im zweiten Modul &#8222;Therapie&#8220; steht die Aneignung von Kenntnissen durch gezieltes Therapieren von erkrankten Menschen im Vordergrund. Diese Herangehensweise ist in Deutschland nur Personen vorbehalten, die einen Heil-<sup data-fn=\"b13c5300-5a39-4694-883a-61bfa66750b9\" class=\"fn\"><a href=\"#b13c5300-5a39-4694-883a-61bfa66750b9\" id=\"b13c5300-5a39-4694-883a-61bfa66750b9-link\">1<\/a><\/sup> oder Heilhilfsberuf<sup data-fn=\"e0247674-37c5-481a-8536-b968145835fb\" class=\"fn\"><a href=\"#e0247674-37c5-481a-8536-b968145835fb\" id=\"e0247674-37c5-481a-8536-b968145835fb-link\">2<\/a><\/sup> aus\u00fcben und somit bauen die Seminare auf bereits vorhandene Anatomie-Physiologie- und Patholgie-Kenntnisse auf.<\/p>\n\n\n\n<div style=\"height:25px\" aria-hidden=\"true\" class=\"wp-block-spacer\"><\/div>\n\n\n\n<div class=\"wp-block-buttons is-horizontal is-content-justification-center is-layout-flex wp-container-core-buttons-layout-1 wp-block-buttons-is-layout-flex\">\n<div class=\"wp-block-button\"><a class=\"wp-block-button__link has-text-align-left wp-element-button\" href=\"https:\/\/reflexology.de\/en\/termine\/\">Aktuelle AusbildungsTermine<\/a><\/div>\n<\/div>\n\n\n\n<div style=\"height:50px\" aria-hidden=\"true\" class=\"wp-block-spacer\"><\/div>\n\n\n<ol class=\"wp-block-footnotes\"><li id=\"b13c5300-5a39-4694-883a-61bfa66750b9\">Heilberufe: Arzt, Heilpraktiker <a href=\"#b13c5300-5a39-4694-883a-61bfa66750b9-link\" aria-label=\"Jump to footnote reference 1\">\u21a9\ufe0e<\/a><\/li><li id=\"e0247674-37c5-481a-8536-b968145835fb\">Heilhilfsberufe: MTA, Krankenschwester und-Pfleger, Hebamme, med. Masseur\/in, Physiotherapeut, Ergo- und Sprachtherapeut und Podologe. <a href=\"#e0247674-37c5-481a-8536-b968145835fb-link\" aria-label=\"Jump to footnote reference 2\">\u21a9\ufe0e<\/a><\/li><\/ol>\n\n\n<div style=\"height:50px\" aria-hidden=\"true\" class=\"wp-block-spacer\"><\/div>","protected":false},"excerpt":{"rendered":"<p>Die Ausbildung in Fu\u00df-, Hand- und Ohr-Reflexologie ist in zwei Module aufgeteilt und setzt sich aus verschiedenen Seminaren zusammen. Ausbildung Modul I [&hellip;]<\/p>\n","protected":false},"author":1,"featured_media":0,"parent":281,"menu_order":0,"comment_status":"closed","ping_status":"closed","template":"","meta":{"footnotes":"[{\"content\":\"Heilberufe: Arzt, Heilpraktiker\",\"id\":\"b13c5300-5a39-4694-883a-61bfa66750b9\"},{\"content\":\"Heilhilfsberufe: MTA, Krankenschwester und-Pfleger, Hebamme, med. Masseur\/in, Physiotherapeut, Ergo- und Sprachtherapeut und Podologe.\",\"id\":\"e0247674-37c5-481a-8536-b968145835fb\"}]"},"yoast_head":"<!-- This site is optimized with the Yoast SEO plugin v23.4 - https:\/\/yoast.com\/wordpress\/plugins\/seo\/ -->\n<title>Ausbildung Reflexologin* - Reflexology<\/title>\n<meta name=\"robots\" content=\"index, follow, max-snippet:-1, max-image-preview:large, max-video-preview:-1\" \/>\n<link rel=\"canonical\" href=\"https:\/\/reflexology.de\/en\/ausbildung-seminare\/ausbildung-reflexologie\/\" \/>\n<meta property=\"og:locale\" content=\"en_US\" \/>\n<meta property=\"og:type\" content=\"article\" \/>\n<meta property=\"og:title\" content=\"Ausbildung Reflexologin* - Reflexology\" \/>\n<meta property=\"og:description\" content=\"Die Ausbildung in Fu\u00df-, Hand- und Ohr-Reflexologie ist in zwei Module aufgeteilt und setzt sich aus verschiedenen Seminaren zusammen. Ausbildung Modul I [&hellip;]\" \/>\n<meta property=\"og:url\" content=\"https:\/\/reflexology.de\/en\/ausbildung-seminare\/ausbildung-reflexologie\/\" \/>\n<meta property=\"og:site_name\" content=\"Reflexology\" \/>\n<meta property=\"article:modified_time\" content=\"2024-06-23T13:41:54+00:00\" \/>\n<meta name=\"twitter:card\" content=\"summary_large_image\" \/>\n<meta name=\"twitter:label1\" content=\"Est. reading time\" \/>\n\t<meta name=\"twitter:data1\" content=\"2 minutes\" \/>\n<script type=\"application\/ld+json\" class=\"yoast-schema-graph\">{\"@context\":\"https:\/\/schema.org\",\"@graph\":[{\"@type\":\"WebPage\",\"@id\":\"https:\/\/reflexology.de\/ausbildung-seminare\/ausbildung-reflexologie\/\",\"url\":\"https:\/\/reflexology.de\/ausbildung-seminare\/ausbildung-reflexologie\/\",\"name\":\"Ausbildung Reflexologin* - Reflexology\",\"isPartOf\":{\"@id\":\"https:\/\/reflexology.de\/#website\"},\"datePublished\":\"2024-03-10T19:06:53+00:00\",\"dateModified\":\"2024-06-23T13:41:54+00:00\",\"breadcrumb\":{\"@id\":\"https:\/\/reflexology.de\/ausbildung-seminare\/ausbildung-reflexologie\/#breadcrumb\"},\"inLanguage\":\"en-US\",\"potentialAction\":[{\"@type\":\"ReadAction\",\"target\":[\"https:\/\/reflexology.de\/ausbildung-seminare\/ausbildung-reflexologie\/\"]}]},{\"@type\":\"BreadcrumbList\",\"@id\":\"https:\/\/reflexology.de\/ausbildung-seminare\/ausbildung-reflexologie\/#breadcrumb\",\"itemListElement\":[{\"@type\":\"ListItem\",\"position\":1,\"name\":\"Startseite\",\"item\":\"https:\/\/reflexology.de\/\"},{\"@type\":\"ListItem\",\"position\":2,\"name\":\"Ausbildung &#038; Seminare\",\"item\":\"https:\/\/reflexology.de\/ausbildung-seminare\/\"},{\"@type\":\"ListItem\",\"position\":3,\"name\":\"Ausbildung Reflexologin*\"}]},{\"@type\":\"WebSite\",\"@id\":\"https:\/\/reflexology.de\/#website\",\"url\":\"https:\/\/reflexology.de\/\",\"name\":\"Reflexology\",\"description\":\"by Helga Dittmann\",\"publisher\":{\"@id\":\"https:\/\/reflexology.de\/#organization\"},\"potentialAction\":[{\"@type\":\"SearchAction\",\"target\":{\"@type\":\"EntryPoint\",\"urlTemplate\":\"https:\/\/reflexology.de\/?s={search_term_string}\"},\"query-input\":{\"@type\":\"PropertyValueSpecification\",\"valueRequired\":true,\"valueName\":\"search_term_string\"}}],\"inLanguage\":\"en-US\"},{\"@type\":\"Organization\",\"@id\":\"https:\/\/reflexology.de\/#organization\",\"name\":\"Reflexology\",\"url\":\"https:\/\/reflexology.de\/\",\"logo\":{\"@type\":\"ImageObject\",\"inLanguage\":\"en-US\",\"@id\":\"https:\/\/reflexology.de\/#\/schema\/logo\/image\/\",\"url\":\"https:\/\/mlgmxoflfwij.i.optimole.com\/w:auto\/h:auto\/q:mauto\/ig:avif\/https:\/\/reflexology.de\/wp-content\/uploads\/2024\/02\/reflexology-logo-20161214.png\",\"contentUrl\":\"https:\/\/mlgmxoflfwij.i.optimole.com\/w:auto\/h:auto\/q:mauto\/ig:avif\/https:\/\/reflexology.de\/wp-content\/uploads\/2024\/02\/reflexology-logo-20161214.png\",\"width\":312,\"height\":312,\"caption\":\"Reflexology\"},\"image\":{\"@id\":\"https:\/\/reflexology.de\/#\/schema\/logo\/image\/\"}}]}<\/script>\n<!-- \/ Yoast SEO plugin. -->","yoast_head_json":{"title":"Ausbildung Reflexologin* - Reflexology","robots":{"index":"index","follow":"follow","max-snippet":"max-snippet:-1","max-image-preview":"max-image-preview:large","max-video-preview":"max-video-preview:-1"},"canonical":"https:\/\/reflexology.de\/en\/ausbildung-seminare\/ausbildung-reflexologie\/","og_locale":"en_US","og_type":"article","og_title":"Ausbildung Reflexologin* - Reflexology","og_description":"Die Ausbildung in Fu\u00df-, Hand- und Ohr-Reflexologie ist in zwei Module aufgeteilt und setzt sich aus verschiedenen Seminaren zusammen. Ausbildung Modul I [&hellip;]","og_url":"https:\/\/reflexology.de\/en\/ausbildung-seminare\/ausbildung-reflexologie\/","og_site_name":"Reflexology","article_modified_time":"2024-06-23T13:41:54+00:00","twitter_card":"summary_large_image","twitter_misc":{"Est. reading time":"2 minutes"},"schema":{"@context":"https:\/\/schema.org","@graph":[{"@type":"WebPage","@id":"https:\/\/reflexology.de\/ausbildung-seminare\/ausbildung-reflexologie\/","url":"https:\/\/reflexology.de\/ausbildung-seminare\/ausbildung-reflexologie\/","name":"Ausbildung Reflexologin* - Reflexology","isPartOf":{"@id":"https:\/\/reflexology.de\/#website"},"datePublished":"2024-03-10T19:06:53+00:00","dateModified":"2024-06-23T13:41:54+00:00","breadcrumb":{"@id":"https:\/\/reflexology.de\/ausbildung-seminare\/ausbildung-reflexologie\/#breadcrumb"},"inLanguage":"en-US","potentialAction":[{"@type":"ReadAction","target":["https:\/\/reflexology.de\/ausbildung-seminare\/ausbildung-reflexologie\/"]}]},{"@type":"BreadcrumbList","@id":"https:\/\/reflexology.de\/ausbildung-seminare\/ausbildung-reflexologie\/#breadcrumb","itemListElement":[{"@type":"ListItem","position":1,"name":"Startseite","item":"https:\/\/reflexology.de\/"},{"@type":"ListItem","position":2,"name":"Ausbildung &#038; Seminare","item":"https:\/\/reflexology.de\/ausbildung-seminare\/"},{"@type":"ListItem","position":3,"name":"Ausbildung Reflexologin*"}]},{"@type":"WebSite","@id":"https:\/\/reflexology.de\/#website","url":"https:\/\/reflexology.de\/","name":"Reflexology","description":"by Helga Dittmann","publisher":{"@id":"https:\/\/reflexology.de\/#organization"},"potentialAction":[{"@type":"SearchAction","target":{"@type":"EntryPoint","urlTemplate":"https:\/\/reflexology.de\/?s={search_term_string}"},"query-input":{"@type":"PropertyValueSpecification","valueRequired":true,"valueName":"search_term_string"}}],"inLanguage":"en-US"},{"@type":"Organization","@id":"https:\/\/reflexology.de\/#organization","name":"Reflexology","url":"https:\/\/reflexology.de\/","logo":{"@type":"ImageObject","inLanguage":"en-US","@id":"https:\/\/reflexology.de\/#\/schema\/logo\/image\/","url":"https:\/\/mlgmxoflfwij.i.optimole.com\/w:auto\/h:auto\/q:mauto\/ig:avif\/https:\/\/reflexology.de\/wp-content\/uploads\/2024\/02\/reflexology-logo-20161214.png","contentUrl":"https:\/\/mlgmxoflfwij.i.optimole.com\/w:auto\/h:auto\/q:mauto\/ig:avif\/https:\/\/reflexology.de\/wp-content\/uploads\/2024\/02\/reflexology-logo-20161214.png","width":312,"height":312,"caption":"Reflexology"},"image":{"@id":"https:\/\/reflexology.de\/#\/schema\/logo\/image\/"}}]}},"_links":{"self":[{"href":"https:\/\/reflexology.de\/en\/wp-json\/wp\/v2\/pages\/288"}],"collection":[{"href":"https:\/\/reflexology.de\/en\/wp-json\/wp\/v2\/pages"}],"about":[{"href":"https:\/\/reflexology.de\/en\/wp-json\/wp\/v2\/types\/page"}],"author":[{"embeddable":true,"href":"https:\/\/reflexology.de\/en\/wp-json\/wp\/v2\/users\/1"}],"replies":[{"embeddable":true,"href":"https:\/\/reflexology.de\/en\/wp-json\/wp\/v2\/comments?post=288"}],"version-history":[{"count":13,"href":"https:\/\/reflexology.de\/en\/wp-json\/wp\/v2\/pages\/288\/revisions"}],"predecessor-version":[{"id":429,"href":"https:\/\/reflexology.de\/en\/wp-json\/wp\/v2\/pages\/288\/revisions\/429"}],"up":[{"embeddable":true,"href":"https:\/\/reflexology.de\/en\/wp-json\/wp\/v2\/pages\/281"}],"wp:attachment":[{"href":"https:\/\/reflexology.de\/en\/wp-json\/wp\/v2\/media?parent=288"}],"curies":[{"name":"wp","href":"https:\/\/api.w.org\/{rel}","templated":true}]}}